{"id":706,"date":"2018-12-12T14:32:34","date_gmt":"2018-12-12T11:32:34","guid":{"rendered":"https:\/\/www.elektrotem.com\/?page_id=706"},"modified":"2018-12-19T13:23:28","modified_gmt":"2018-12-19T10:23:28","slug":"osram","status":"publish","type":"page","link":"https:\/\/www.elektrotem.com\/en\/osram\/","title":{"rendered":"(Turkish) Osram"},"content":{"rendered":"<div id=\"pl-706\"  class=\"panel-layout\" ><div id=\"pg-706-0\"  class=\"panel-grid panel-no-style\" ><div id=\"pgc-706-0-0\"  class=\"panel-grid-cell\" ><div id=\"panel-706-0-0-0\" class=\"so-panel widget widget_media_image panel-first-child\" data-index=\"0\" ><img width=\"410\" height=\"270\" src=\"https:\/\/www.elektrotem.com\/wp-content\/uploads\/2018\/12\/osram4102.png\" class=\"image wp-image-610  attachment-full size-full\" alt=\"\" loading=\"lazy\" style=\"max-width: 100%; height: auto;\" srcset=\"https:\/\/www.elektrotem.com\/wp-content\/uploads\/2018\/12\/osram4102.png 410w, https:\/\/www.elektrotem.com\/wp-content\/uploads\/2018\/12\/osram4102-300x198.png 300w, https:\/\/www.elektrotem.com\/wp-content\/uploads\/2018\/12\/osram4102-99x65.png 99w\" sizes=\"(max-width: 410px) 100vw, 410px\" \/><\/div><div id=\"panel-706-0-0-1\" class=\"so-panel widget widget_sow-editor panel-last-child\" data-index=\"1\" ><div\n\t\t\t\n\t\t\tclass=\"so-widget-sow-editor so-widget-sow-editor-base\"\n\t\t\t\n\t\t>\n<div class=\"siteorigin-widget-tinymce textwidget\">\n\t<h1><span>110 y\u0131ll\u0131k OSRAM<\/span><\/h1>\n<div class=\"introtext\">\n<p><span>Ampulden a\u011fa ve ak\u0131ll\u0131 \u0131\u015f\u0131\u011fa.<\/span><\/p>\n<\/div>\n<p><span>\u201cBa\u015flang\u0131\u00e7ta \u0131\u015f\u0131k vard\u0131\u2026\u201d - ger\u00e7ek, ama \u015firketimiz hen\u00fcz bu kadar eski de\u011fil.\u00a0\u00d6yle olsa bile, teknolojik parlak noktalar ile dolu bir olay ge\u00e7mi\u015fe bakabiliriz.\u00a0Yolculu\u011fumuz, 1906'da Berlin'deki Imperial Patent Ofisi'nde bulunan OSRAM'\u0131n imzas\u0131yla ba\u015flad\u0131. O zamandan beri, OSRAM s\u00fcrekli olarak evrim ge\u00e7iriyor ve geleneksel lambalardan gaz de\u015farjl\u0131 lambalara ve LED \u0131\u015f\u0131\u011fa kadar s\u00fcrekli olarak tekrar tekrar icat edildi. lazer ve g\u00f6r\u00fcnmez \u0131\u015f\u0131k.\u00a0Mevcut portf\u00f6y, y\u00fcksek teknolojiden a\u011fa ba\u011fl\u0131 ak\u0131ll\u0131 uygulamalara kadar uzanmaktad\u0131r.<\/span><\/p>\n<p><span>Bu nedenle OSRAM markas\u0131 geleneksel olarak kalite ve inovasyon anlam\u0131na gelmektedir.\u00a0\u015eirket, 1920'lerde teknolojik \u00fcst\u00fcn \u00fcr\u00fcnler ve geni\u015fleyen bir \u015firket politikas\u0131yla \u00f6n plana \u00e7\u0131kt\u0131.\u00a01950'lerde OSRAM, end\u00fcstri sekt\u00f6r\u00fcn\u00fcn zirvesine teknolojide lider olarak ula\u015fmay\u0131 ba\u015farm\u0131\u015ft\u0131.\u00a01954 y\u0131l\u0131nda, \u015firket merkezi Berlin'den M\u00fcnih'e ta\u015f\u0131nd\u0131. OSRAM, \u00f6n\u00fcm\u00fczdeki y\u0131llarda say\u0131s\u0131z yenilik\u00e7i ayd\u0131nlatma teknolojilerinin geli\u015ftirilmesinde \u00f6nc\u00fc bir g\u00fc\u00e7 olarak ilerledi.<\/span><\/p>\n<\/div>\n<\/div><\/div><\/div><\/div><div id=\"pg-706-1\"  class=\"panel-grid panel-no-style\" ><div id=\"pgc-706-1-0\"  class=\"panel-grid-cell panel-grid-cell-empty\" ><\/div><div id=\"pgc-706-1-1\"  class=\"panel-grid-cell panel-grid-cell-empty\" ><\/div><div id=\"pgc-706-1-2\"  class=\"panel-grid-cell\" ><div id=\"panel-706-1-2-0\" class=\"so-panel widget widget_sow-image panel-first-child panel-last-child\" data-index=\"2\" ><div\n\t\t\t\n\t\t\tclass=\"so-widget-sow-image so-widget-sow-image-default-8b5b6f678277-706\"\n\t\t\t\n\t\t>\n\n<div class=\"sow-image-container\">\n\t\t<img src=\"https:\/\/www.elektrotem.com\/wp-content\/uploads\/2018\/12\/logo-elektrotem.png\" width=\"169\" height=\"75\" srcset=\"https:\/\/www.elektrotem.com\/wp-content\/uploads\/2018\/12\/logo-elektrotem.png 169w, https:\/\/www.elektrotem.com\/wp-content\/uploads\/2018\/12\/logo-elektrotem-146x65.png 146w\" sizes=\"(max-width: 169px) 100vw, 169px\" alt=\"elektrotem\" loading=\"lazy\" \t\tclass=\"so-widget-image\"\/>\n\t<\/div>\n\n<\/div><\/div><\/div><div id=\"pgc-706-1-3\"  class=\"panel-grid-cell panel-grid-cell-empty panel-grid-cell-mobile-last\" ><\/div><div id=\"pgc-706-1-4\"  class=\"panel-grid-cell panel-grid-cell-empty\" ><\/div><\/div><div id=\"pg-706-2\"  class=\"panel-grid panel-no-style\" ><div id=\"pgc-706-2-0\"  class=\"panel-grid-cell panel-grid-cell-empty\" ><\/div><\/div><\/div>","protected":false},"excerpt":{"rendered":"<p>110 y\u0131ll\u0131k OSRAM Ampulden a\u011fa ve ak\u0131ll\u0131 \u0131\u015f\u0131\u011fa. \u201cBa\u015flang\u0131\u00e7ta \u0131\u015f\u0131k vard\u0131\u2026\u201d &#8211; ger\u00e7ek, ama \u015firketimiz hen\u00fcz bu kadar eski de\u011fil.\u00a0\u00d6yle olsa bile, teknolojik parlak noktalar ile dolu bir olay ge\u00e7mi\u015fe bakabiliriz.\u00a0Yolculu\u011fumuz, 1906&#8217;da Berlin&#8217;deki Imperial Patent Ofisi&#8217;nde bulunan OSRAM&#8217;\u0131n imzas\u0131yla ba\u015flad\u0131. O zamandan beri, OSRAM s\u00fcrekli olarak evrim ge\u00e7iriyor ve geleneksel lambalardan gaz de\u015farjl\u0131 lambalara ve [&hellip;]<\/p>\n","protected":false},"author":1,"featured_media":0,"parent":0,"menu_order":0,"comment_status":"closed","ping_status":"closed","template":"","meta":[],"aioseo_notices":[],"_links":{"self":[{"href":"https:\/\/www.elektrotem.com\/en\/wp-json\/wp\/v2\/pages\/706"}],"collection":[{"href":"https:\/\/www.elektrotem.com\/en\/wp-json\/wp\/v2\/pages"}],"about":[{"href":"https:\/\/www.elektrotem.com\/en\/wp-json\/wp\/v2\/types\/page"}],"author":[{"embeddable":true,"href":"https:\/\/www.elektrotem.com\/en\/wp-json\/wp\/v2\/users\/1"}],"replies":[{"embeddable":true,"href":"https:\/\/www.elektrotem.com\/en\/wp-json\/wp\/v2\/comments?post=706"}],"version-history":[{"count":4,"href":"https:\/\/www.elektrotem.com\/en\/wp-json\/wp\/v2\/pages\/706\/revisions"}],"predecessor-version":[{"id":812,"href":"https:\/\/www.elektrotem.com\/en\/wp-json\/wp\/v2\/pages\/706\/revisions\/812"}],"wp:attachment":[{"href":"https:\/\/www.elektrotem.com\/en\/wp-json\/wp\/v2\/media?parent=706"}],"curies":[{"name":"wp","href":"https:\/\/api.w.org\/{rel}","templated":true}]}}