{"id":719,"date":"2018-12-12T14:36:49","date_gmt":"2018-12-12T11:36:49","guid":{"rendered":"https:\/\/www.elektrotem.com\/?page_id=719"},"modified":"2018-12-12T14:36:49","modified_gmt":"2018-12-12T11:36:49","slug":"makita","status":"publish","type":"page","link":"https:\/\/www.elektrotem.com\/en\/makita\/","title":{"rendered":"(Turkish) Makita"},"content":{"rendered":"<div id=\"pl-719\"  class=\"panel-layout\" ><div id=\"pg-719-0\"  class=\"panel-grid panel-no-style\" ><div id=\"pgc-719-0-0\"  class=\"panel-grid-cell\" ><div id=\"panel-719-0-0-0\" class=\"so-panel widget widget_media_image panel-first-child\" data-index=\"0\" ><img width=\"410\" height=\"270\" src=\"https:\/\/www.elektrotem.com\/wp-content\/uploads\/2018\/12\/makita410.png\" class=\"image wp-image-606  attachment-full size-full\" alt=\"\" loading=\"lazy\" style=\"max-width: 100%; height: auto;\" srcset=\"https:\/\/www.elektrotem.com\/wp-content\/uploads\/2018\/12\/makita410.png 410w, https:\/\/www.elektrotem.com\/wp-content\/uploads\/2018\/12\/makita410-300x198.png 300w, https:\/\/www.elektrotem.com\/wp-content\/uploads\/2018\/12\/makita410-99x65.png 99w\" sizes=\"(max-width: 410px) 100vw, 410px\" \/><\/div><div id=\"panel-719-0-0-1\" class=\"so-panel widget widget_sow-editor panel-last-child\" data-index=\"1\" ><div\n\t\t\t\n\t\t\tclass=\"so-widget-sow-editor so-widget-sow-editor-base\"\n\t\t\t\n\t\t>\n<div class=\"siteorigin-widget-tinymce textwidget\">\n\t<h2>Enerji y\u00f6netimi ve otomasyonda d\u00fcnya \u00e7ap\u0131nda uzman<\/h2>\n<p>Schneider Electric, enerjiyi g\u00fcvenli, g\u00fcvenilir, verimli ve s\u00fcrd\u00fcr\u00fclebilir \u015fekillerde y\u00f6netmek ve i\u015flemek i\u00e7in birbiriyle ba\u011flant\u0131l\u0131 teknolojiler kullanmaktad\u0131r. Grup, yenilik\u00e7ili\u011fi ve kendini ay\u0131rt etmeyi s\u00fcrd\u00fcrmek i\u00e7in, s\u00fcrd\u00fcr\u00fclebilir kalk\u0131nmaya g\u00fc\u00e7l\u00fc bir ba\u011fl\u0131l\u0131kla ARGE'ye yat\u0131r\u0131m yapmaktad\u0131r.<\/p>\n<p>T\u00fcm d\u00fcnyada birbiriyle ba\u011flant\u0131l\u0131 15000 sat\u0131\u015f noktas\u0131 ile son kullan\u0131c\u0131lar\u0131m\u0131za \u00e7ok geni\u015f bir co\u011frafyada eri\u015fim sa\u011flamaktay\u0131z.<\/p>\n<ul>\n<li>Koruma \u00dcr\u00fcnleri<\/li>\n<li>S\/A Anahtar Priz Serileri<\/li>\n<li>S\/\u00dc Anahtar Priz Serileri<\/li>\n<li>Montaj Kasalar\u0131<\/li>\n<li>Grup Priz ve Fi\u015f Serileri<\/li>\n<li>Buatlar<\/li>\n<li>Ayd\u0131nlatma Armat\u00fcrleri<\/li>\n<li>Acil Ayd\u0131nlatma Armat\u00fcrleri<\/li>\n<li>Sanayi tipi fi\u015f priz serileri<\/li>\n<\/ul>\n<\/div>\n<\/div><\/div><\/div><\/div><div id=\"pg-719-1\"  class=\"panel-grid panel-no-style\" ><div id=\"pgc-719-1-0\"  class=\"panel-grid-cell panel-grid-cell-empty\" ><\/div><div id=\"pgc-719-1-1\"  class=\"panel-grid-cell panel-grid-cell-empty\" ><\/div><div id=\"pgc-719-1-2\"  class=\"panel-grid-cell\" ><div id=\"panel-719-1-2-0\" class=\"so-panel widget widget_sow-image panel-first-child panel-last-child\" data-index=\"2\" ><div\n\t\t\t\n\t\t\tclass=\"so-widget-sow-image so-widget-sow-image-default-8b5b6f678277-719\"\n\t\t\t\n\t\t>\n\n<div class=\"sow-image-container\">\n\t\t<img src=\"https:\/\/www.elektrotem.com\/wp-content\/uploads\/2018\/12\/logo-elektrotem.png\" width=\"169\" height=\"75\" srcset=\"https:\/\/www.elektrotem.com\/wp-content\/uploads\/2018\/12\/logo-elektrotem.png 169w, https:\/\/www.elektrotem.com\/wp-content\/uploads\/2018\/12\/logo-elektrotem-146x65.png 146w\" sizes=\"(max-width: 169px) 100vw, 169px\" alt=\"elektrotem\" loading=\"lazy\" \t\tclass=\"so-widget-image\"\/>\n\t<\/div>\n\n<\/div><\/div><\/div><div id=\"pgc-719-1-3\"  class=\"panel-grid-cell panel-grid-cell-empty panel-grid-cell-mobile-last\" ><\/div><div id=\"pgc-719-1-4\"  class=\"panel-grid-cell panel-grid-cell-empty\" ><\/div><\/div><div id=\"pg-719-2\"  class=\"panel-grid panel-no-style\" ><div id=\"pgc-719-2-0\"  class=\"panel-grid-cell panel-grid-cell-empty\" ><\/div><\/div><\/div>","protected":false},"excerpt":{"rendered":"<p>Enerji y\u00f6netimi ve otomasyonda d\u00fcnya \u00e7ap\u0131nda uzman Schneider Electric, enerjiyi g\u00fcvenli, g\u00fcvenilir, verimli ve s\u00fcrd\u00fcr\u00fclebilir \u015fekillerde y\u00f6netmek ve i\u015flemek i\u00e7in birbiriyle ba\u011flant\u0131l\u0131 teknolojiler kullanmaktad\u0131r. Grup, yenilik\u00e7ili\u011fi ve kendini ay\u0131rt etmeyi s\u00fcrd\u00fcrmek i\u00e7in, s\u00fcrd\u00fcr\u00fclebilir kalk\u0131nmaya g\u00fc\u00e7l\u00fc bir ba\u011fl\u0131l\u0131kla ARGE&#8217;ye yat\u0131r\u0131m yapmaktad\u0131r. T\u00fcm d\u00fcnyada birbiriyle ba\u011flant\u0131l\u0131 15000 sat\u0131\u015f noktas\u0131 ile son kullan\u0131c\u0131lar\u0131m\u0131za \u00e7ok geni\u015f bir co\u011frafyada eri\u015fim [&hellip;]<\/p>\n","protected":false},"author":1,"featured_media":0,"parent":0,"menu_order":0,"comment_status":"closed","ping_status":"closed","template":"","meta":[],"aioseo_notices":[],"_links":{"self":[{"href":"https:\/\/www.elektrotem.com\/en\/wp-json\/wp\/v2\/pages\/719"}],"collection":[{"href":"https:\/\/www.elektrotem.com\/en\/wp-json\/wp\/v2\/pages"}],"about":[{"href":"https:\/\/www.elektrotem.com\/en\/wp-json\/wp\/v2\/types\/page"}],"author":[{"embeddable":true,"href":"https:\/\/www.elektrotem.com\/en\/wp-json\/wp\/v2\/users\/1"}],"replies":[{"embeddable":true,"href":"https:\/\/www.elektrotem.com\/en\/wp-json\/wp\/v2\/comments?post=719"}],"version-history":[{"count":2,"href":"https:\/\/www.elektrotem.com\/en\/wp-json\/wp\/v2\/pages\/719\/revisions"}],"predecessor-version":[{"id":721,"href":"https:\/\/www.elektrotem.com\/en\/wp-json\/wp\/v2\/pages\/719\/revisions\/721"}],"wp:attachment":[{"href":"https:\/\/www.elektrotem.com\/en\/wp-json\/wp\/v2\/media?parent=719"}],"curies":[{"name":"wp","href":"https:\/\/api.w.org\/{rel}","templated":true}]}}